{"id":1218,"date":"2019-01-18T18:10:13","date_gmt":"2019-01-18T16:10:13","guid":{"rendered":"https:\/\/www.tiigitaimed.ee\/contact\/"},"modified":"2024-05-13T20:09:17","modified_gmt":"2024-05-13T18:09:17","slug":"contact","status":"publish","type":"page","link":"https:\/\/www.tiigitaimed.ee\/en\/contact\/","title":{"rendered":"Contact"},"content":{"rendered":"<p>[et_pb_section fb_built=&#8221;1&#8243; _builder_version=&#8221;4.16&#8243; global_colors_info=&#8221;{}&#8221;][et_pb_row _builder_version=&#8221;4.16&#8243; background_size=&#8221;initial&#8221; background_position=&#8221;top_left&#8221; background_repeat=&#8221;repeat&#8221; global_colors_info=&#8221;{}&#8221;][et_pb_column type=&#8221;4_4&#8243; _builder_version=&#8221;4.16&#8243; custom_padding=&#8221;|||&#8221; global_colors_info=&#8221;{}&#8221; custom_padding__hover=&#8221;|||&#8221;][et_pb_image src=&#8221;https:\/\/www.tiigitaimed.ee\/wp-content\/uploads\/2024\/01\/IMG_3073-scaled.jpg&#8221; alt=&#8221;pond plants&#8221; title_text=&#8221;Tiigitehnika O\u00dc Kuldre sample pond&#8221; _builder_version=&#8221;4.24.2&#8243; _module_preset=&#8221;default&#8221; animation_style=&#8221;fade&#8221; animation_direction=&#8221;bottom&#8221; animation_speed_curve=&#8221;ease-in&#8221; global_colors_info=&#8221;{}&#8221;][\/et_pb_image][et_pb_text _builder_version=&#8221;4.24.2&#8243; background_size=&#8221;initial&#8221; background_position=&#8221;top_left&#8221; background_repeat=&#8221;repeat&#8221; global_colors_info=&#8221;{}&#8221;]<\/p>\n<p><a href=\"http:\/\/www.tiigitehnika.ee\" target=\"_blank\" rel=\"noopener noreferrer\">Tiigitehnika O\u00dc<\/a><\/p>\n<p>Oja\u00e4\u00e4re, Kuldre village, V\u00f5rumaa, Estonia<br \/><a href=\"mailto:info@tiigitehnika.ee\">info@tiigitehnika.ee<\/a><\/p>\n<p>Viljo J\u00f5ela<br \/>+372 5103709<\/p>\n<p>Timo Tasane<br \/>+372 56699060<\/p>\n<p><strong>NB! You can visit our show ponds from mid-May:  <\/strong><\/p>\n<ul>\n<li><strong>In the village of Tuulna, near Keila in North Estonia<\/strong><\/li>\n<li><strong>In the village of Kuldre, Antsla Parish, South Estonia.<\/strong><\/li>\n<\/ul>\n<p><strong>Please arrange your visit in advance by e-mail or phone.<\/strong><\/p>\n<p>In addition to pond plants, you can also find everything you need to create a properly functioning water body:<\/p>\n<ul>\n<li>Drum filters<\/li>\n<li>bead filters<\/li>\n<li>moving bed filters<\/li>\n<li>plant filters<\/li>\n<li>Trikle towers<\/li>\n<li>canister filters<\/li>\n<li>air pumps and accessories<\/li>\n<li>various pond pumps<\/li>\n<li>UV-C purification units<\/li>\n<\/ul>\n<p><strong>Come and explore!<\/strong><\/p>\n<p>[\/et_pb_text][\/et_pb_column][\/et_pb_row][\/et_pb_section]<\/p>\n","protected":false},"excerpt":{"rendered":"<p>Tiigitehnika O\u00dc Oja\u00e4\u00e4re, Kuldre village, V\u00f5rumaa, Estoniainfo@tiigitehnika.ee Viljo J\u00f5ela+372 5103709 Timo Tasane+372 56699060 NB! You can visit our show ponds from mid-May: In the village of Tuulna, near Keila in North Estonia In the village of Kuldre, Antsla Parish, South Estonia. Please arrange your visit in advance by e-mail or phone. In addition to pond [&hellip;]<\/p>\n","protected":false},"author":1,"featured_media":0,"parent":0,"menu_order":0,"comment_status":"closed","ping_status":"closed","template":"","meta":{"_et_pb_use_builder":"on","_et_pb_old_content":"","_et_gb_content_width":"","footnotes":""},"class_list":["post-1218","page","type-page","status-publish","hentry"],"yoast_head":"<!-- This site is optimized with the Yoast SEO plugin v25.2 - https:\/\/yoast.com\/wordpress\/plugins\/seo\/ -->\n<title>Contact - Tiigitaimed.ee pond plants, pond plants, aquatic plants, pond plants, pond plants, pond filter<\/title>\n<meta name=\"description\" content=\"Estonia&#039;s best selection of aquatic plants to decorate both your pond and the surrounding garden. Come and see our sample ponds!\" \/>\n<meta name=\"robots\" content=\"index, follow, max-snippet:-1, max-image-preview:large, max-video-preview:-1\" \/>\n<link rel=\"canonical\" href=\"https:\/\/www.tiigitaimed.ee\/en\/contact\/\" \/>\n<meta property=\"og:locale\" content=\"en_US\" \/>\n<meta property=\"og:type\" content=\"article\" \/>\n<meta property=\"og:title\" content=\"Contact - Tiigitaimed.ee pond plants, pond plants, aquatic plants, pond plants, pond plants, pond filter\" \/>\n<meta property=\"og:description\" content=\"Estonia&#039;s best selection of aquatic plants to decorate both your pond and the surrounding garden. Come and see our sample ponds!\" \/>\n<meta property=\"og:url\" content=\"https:\/\/www.tiigitaimed.ee\/en\/contact\/\" \/>\n<meta property=\"og:site_name\" content=\"Tiigitaimed.ee\" \/>\n<meta property=\"article:publisher\" content=\"http:\/\/www.facebook.com\/tiigitehnika\" \/>\n<meta property=\"article:modified_time\" content=\"2024-05-13T18:09:17+00:00\" \/>\n<meta name=\"twitter:card\" content=\"summary_large_image\" \/>\n<meta name=\"twitter:label1\" content=\"Est. reading time\" \/>\n\t<meta name=\"twitter:data1\" content=\"1 minute\" \/>\n<script type=\"application\/ld+json\" class=\"yoast-schema-graph\">{\"@context\":\"https:\/\/schema.org\",\"@graph\":[{\"@type\":\"WebPage\",\"@id\":\"https:\/\/www.tiigitaimed.ee\/en\/contact\/\",\"url\":\"https:\/\/www.tiigitaimed.ee\/en\/contact\/\",\"name\":\"Contact - Tiigitaimed.ee pond plants, pond plants, aquatic plants, pond plants, pond plants, pond filter\",\"isPartOf\":{\"@id\":\"https:\/\/www.tiigitaimed.ee\/en\/#website\"},\"datePublished\":\"2019-01-18T16:10:13+00:00\",\"dateModified\":\"2024-05-13T18:09:17+00:00\",\"description\":\"Estonia's best selection of aquatic plants to decorate both your pond and the surrounding garden. Come and see our sample ponds!\",\"breadcrumb\":{\"@id\":\"https:\/\/www.tiigitaimed.ee\/en\/contact\/#breadcrumb\"},\"inLanguage\":\"en-US\",\"potentialAction\":[{\"@type\":\"ReadAction\",\"target\":[\"https:\/\/www.tiigitaimed.ee\/en\/contact\/\"]}]},{\"@type\":\"BreadcrumbList\",\"@id\":\"https:\/\/www.tiigitaimed.ee\/en\/contact\/#breadcrumb\",\"itemListElement\":[{\"@type\":\"ListItem\",\"position\":1,\"name\":\"Home\",\"item\":\"https:\/\/www.tiigitaimed.ee\/en\/\"},{\"@type\":\"ListItem\",\"position\":2,\"name\":\"Contact\"}]},{\"@type\":\"WebSite\",\"@id\":\"https:\/\/www.tiigitaimed.ee\/en\/#website\",\"url\":\"https:\/\/www.tiigitaimed.ee\/en\/\",\"name\":\"Tiigitaimed.ee\",\"description\":\"Parim valik vee- ja kaldataimi Baltikumis.\",\"publisher\":{\"@id\":\"https:\/\/www.tiigitaimed.ee\/en\/#organization\"},\"potentialAction\":[{\"@type\":\"SearchAction\",\"target\":{\"@type\":\"EntryPoint\",\"urlTemplate\":\"https:\/\/www.tiigitaimed.ee\/en\/?s={search_term_string}\"},\"query-input\":{\"@type\":\"PropertyValueSpecification\",\"valueRequired\":true,\"valueName\":\"search_term_string\"}}],\"inLanguage\":\"en-US\"},{\"@type\":\"Organization\",\"@id\":\"https:\/\/www.tiigitaimed.ee\/en\/#organization\",\"name\":\"Tiigitehnika.ee\",\"url\":\"https:\/\/www.tiigitaimed.ee\/en\/\",\"logo\":{\"@type\":\"ImageObject\",\"inLanguage\":\"en-US\",\"@id\":\"https:\/\/www.tiigitaimed.ee\/en\/#\/schema\/logo\/image\/\",\"url\":\"https:\/\/www.tiigitaimed.ee\/wp-content\/uploads\/2019\/04\/logo_urliga_small.png\",\"contentUrl\":\"https:\/\/www.tiigitaimed.ee\/wp-content\/uploads\/2019\/04\/logo_urliga_small.png\",\"width\":650,\"height\":219,\"caption\":\"Tiigitehnika.ee\"},\"image\":{\"@id\":\"https:\/\/www.tiigitaimed.ee\/en\/#\/schema\/logo\/image\/\"},\"sameAs\":[\"http:\/\/www.facebook.com\/tiigitehnika\"]}]}<\/script>\n<!-- \/ Yoast SEO plugin. -->","yoast_head_json":{"title":"Contact - Tiigitaimed.ee pond plants, pond plants, aquatic plants, pond plants, pond plants, pond filter","description":"Estonia's best selection of aquatic plants to decorate both your pond and the surrounding garden. Come and see our sample ponds!","robots":{"index":"index","follow":"follow","max-snippet":"max-snippet:-1","max-image-preview":"max-image-preview:large","max-video-preview":"max-video-preview:-1"},"canonical":"https:\/\/www.tiigitaimed.ee\/en\/contact\/","og_locale":"en_US","og_type":"article","og_title":"Contact - Tiigitaimed.ee pond plants, pond plants, aquatic plants, pond plants, pond plants, pond filter","og_description":"Estonia's best selection of aquatic plants to decorate both your pond and the surrounding garden. Come and see our sample ponds!","og_url":"https:\/\/www.tiigitaimed.ee\/en\/contact\/","og_site_name":"Tiigitaimed.ee","article_publisher":"http:\/\/www.facebook.com\/tiigitehnika","article_modified_time":"2024-05-13T18:09:17+00:00","twitter_card":"summary_large_image","twitter_misc":{"Est. reading time":"1 minute"},"schema":{"@context":"https:\/\/schema.org","@graph":[{"@type":"WebPage","@id":"https:\/\/www.tiigitaimed.ee\/en\/contact\/","url":"https:\/\/www.tiigitaimed.ee\/en\/contact\/","name":"Contact - Tiigitaimed.ee pond plants, pond plants, aquatic plants, pond plants, pond plants, pond filter","isPartOf":{"@id":"https:\/\/www.tiigitaimed.ee\/en\/#website"},"datePublished":"2019-01-18T16:10:13+00:00","dateModified":"2024-05-13T18:09:17+00:00","description":"Estonia's best selection of aquatic plants to decorate both your pond and the surrounding garden. Come and see our sample ponds!","breadcrumb":{"@id":"https:\/\/www.tiigitaimed.ee\/en\/contact\/#breadcrumb"},"inLanguage":"en-US","potentialAction":[{"@type":"ReadAction","target":["https:\/\/www.tiigitaimed.ee\/en\/contact\/"]}]},{"@type":"BreadcrumbList","@id":"https:\/\/www.tiigitaimed.ee\/en\/contact\/#breadcrumb","itemListElement":[{"@type":"ListItem","position":1,"name":"Home","item":"https:\/\/www.tiigitaimed.ee\/en\/"},{"@type":"ListItem","position":2,"name":"Contact"}]},{"@type":"WebSite","@id":"https:\/\/www.tiigitaimed.ee\/en\/#website","url":"https:\/\/www.tiigitaimed.ee\/en\/","name":"Tiigitaimed.ee","description":"Parim valik vee- ja kaldataimi Baltikumis.","publisher":{"@id":"https:\/\/www.tiigitaimed.ee\/en\/#organization"},"potentialAction":[{"@type":"SearchAction","target":{"@type":"EntryPoint","urlTemplate":"https:\/\/www.tiigitaimed.ee\/en\/?s={search_term_string}"},"query-input":{"@type":"PropertyValueSpecification","valueRequired":true,"valueName":"search_term_string"}}],"inLanguage":"en-US"},{"@type":"Organization","@id":"https:\/\/www.tiigitaimed.ee\/en\/#organization","name":"Tiigitehnika.ee","url":"https:\/\/www.tiigitaimed.ee\/en\/","logo":{"@type":"ImageObject","inLanguage":"en-US","@id":"https:\/\/www.tiigitaimed.ee\/en\/#\/schema\/logo\/image\/","url":"https:\/\/www.tiigitaimed.ee\/wp-content\/uploads\/2019\/04\/logo_urliga_small.png","contentUrl":"https:\/\/www.tiigitaimed.ee\/wp-content\/uploads\/2019\/04\/logo_urliga_small.png","width":650,"height":219,"caption":"Tiigitehnika.ee"},"image":{"@id":"https:\/\/www.tiigitaimed.ee\/en\/#\/schema\/logo\/image\/"},"sameAs":["http:\/\/www.facebook.com\/tiigitehnika"]}]}},"_links":{"self":[{"href":"https:\/\/www.tiigitaimed.ee\/en\/wp-json\/wp\/v2\/pages\/1218","targetHints":{"allow":["GET"]}}],"collection":[{"href":"https:\/\/www.tiigitaimed.ee\/en\/wp-json\/wp\/v2\/pages"}],"about":[{"href":"https:\/\/www.tiigitaimed.ee\/en\/wp-json\/wp\/v2\/types\/page"}],"author":[{"embeddable":true,"href":"https:\/\/www.tiigitaimed.ee\/en\/wp-json\/wp\/v2\/users\/1"}],"replies":[{"embeddable":true,"href":"https:\/\/www.tiigitaimed.ee\/en\/wp-json\/wp\/v2\/comments?post=1218"}],"version-history":[{"count":13,"href":"https:\/\/www.tiigitaimed.ee\/en\/wp-json\/wp\/v2\/pages\/1218\/revisions"}],"predecessor-version":[{"id":1497,"href":"https:\/\/www.tiigitaimed.ee\/en\/wp-json\/wp\/v2\/pages\/1218\/revisions\/1497"}],"wp:attachment":[{"href":"https:\/\/www.tiigitaimed.ee\/en\/wp-json\/wp\/v2\/media?parent=1218"}],"curies":[{"name":"wp","href":"https:\/\/api.w.org\/{rel}","templated":true}]}}